{"id":1047,"date":"2024-03-15T15:38:35","date_gmt":"2024-03-15T15:38:35","guid":{"rendered":"https:\/\/apartments-rena.com\/entdecken-sie\/"},"modified":"2025-12-22T12:31:47","modified_gmt":"2025-12-22T12:31:47","slug":"entdecken-sie","status":"publish","type":"page","link":"https:\/\/apartments-rena.com\/de\/entdecken-sie\/","title":{"rendered":"Entdecken Sie"},"content":{"rendered":"<p>[et_pb_section fb_built=&#8220;1&#8243; admin_label=&#8220;Section: Header&#8220; _builder_version=&#8220;4.27.5&#8243; _module_preset=&#8220;default&#8220; background_color=&#8220;rgba(0,0,0,0.3)&#8220; background_image=&#8220;https:\/\/apartments-rena.com\/wp-content\/uploads\/2024\/03\/skydiving-apartments-rena.webp&#8220; background_blend=&#8220;multiply&#8220; background_enable_video_mp4=&#8220;off&#8220; height=&#8220;100vh&#8220; height_tablet=&#8220;115vh&#8220; height_phone=&#8220;100vh&#8220; height_last_edited=&#8220;on|phone&#8220; hover_enabled=&#8220;0&#8243; background_last_edited=&#8220;on|phone&#8220; background_image_phone=&#8220;https:\/\/apartments-rena.com\/wp-content\/uploads\/2024\/03\/Discover-apartments-rena-cavle-croatia-m.webp&#8220; background_enable_image_phone=&#8220;on&#8220; custom_css_main_element=&#8220;display: flex;&#8220; global_colors_info=&#8220;{}&#8220; custom_padding=&#8220;0px||0px||true|false&#8220; sticky_enabled=&#8220;0&#8243;][et_pb_row make_equal=&#8220;on&#8220; _builder_version=&#8220;4.27.5&#8243; _module_preset=&#8220;default&#8220; min_height_tablet=&#8220;&#8220; min_height_phone=&#8220;&#8220; min_height_last_edited=&#8220;on|phone&#8220; custom_margin=&#8220;||||false|false&#8220; custom_margin_tablet=&#8220;45vh||||false|false&#8220; custom_margin_phone=&#8220;65vh||||false|false&#8220; custom_margin_last_edited=&#8220;on|phone&#8220; hover_enabled=&#8220;0&#8243; custom_css_main_element=&#8220;margin-bottom: 0px;&#8220; global_colors_info=&#8220;{}&#8220; custom_css_main_element_last_edited=&#8220;on|phone&#8220; custom_css_main_element_phone=&#8220; &#8220; custom_css_main_element_tablet=&#8220;margin-bottom: 0px;&#8220; custom_padding=&#8220;0px||0px||true|false&#8220; sticky_enabled=&#8220;0&#8243;][et_pb_column type=&#8220;4_4&#8243; _builder_version=&#8220;4.24.2&#8243; _module_preset=&#8220;default&#8220; global_colors_info=&#8220;{}&#8220;][et_pb_text _builder_version=&#8220;4.24.2&#8243; _module_preset=&#8220;default&#8220; header_6_font=&#8220;Roboto Flex|||on|||||&#8220; header_6_text_align=&#8220;center&#8220; header_6_text_color=&#8220;#FFFFFF&#8220; header_6_letter_spacing=&#8220;1px&#8220; global_colors_info=&#8220;{}&#8220;]<\/p>\n<h6>\u010cavle &#8211; Kroatien<\/h6>\n<p>[\/et_pb_text][et_pb_heading title=&#8220;Was ist zu tun?&#8220; _builder_version=&#8220;4.24.2&#8243; _module_preset=&#8220;default&#8220; title_font=&#8220;Kaftan||||||||&#8220; title_text_align=&#8220;center&#8220; title_text_color=&#8220;#FFFFFF&#8220; title_font_size=&#8220;6em&#8220; title_line_height=&#8220;1.2em&#8220; title_font_size_tablet=&#8220;6em&#8220; title_font_size_phone=&#8220;3rem&#8220; title_font_size_last_edited=&#8220;on|phone&#8220; global_colors_info=&#8220;{}&#8220;][\/et_pb_heading][et_pb_image src=&#8220;https:\/\/apartments-rena.com\/wp-content\/uploads\/2024\/03\/dot_2x2px.jpg&#8220; title_text=&#8220;punkt_2x2px&#8220; align=&#8220;center&#8220; _builder_version=&#8220;4.24.2&#8243; _module_preset=&#8220;default&#8220; width=&#8220;1px&#8220; width_tablet=&#8220;1px&#8220; width_phone=&#8220;1px&#8220; width_last_edited=&#8220;on|phone&#8220; height=&#8220;125px&#8220; height_tablet=&#8220;125px&#8220; height_phone=&#8220;75px&#8220; height_last_edited=&#8220;on|phone&#8220; global_colors_info=&#8220;{}&#8220;][\/et_pb_image][\/et_pb_column][\/et_pb_row][\/et_pb_section][et_pb_section fb_built=&#8220;1&#8243; admin_label=&#8220;Section: Intro&#8220; module_id=&#8220;Natur&#8220; _builder_version=&#8220;4.24.3&#8243; _module_preset=&#8220;default&#8220; background_color=&#8220;#f0ebeb&#8220; border_width_bottom=&#8220;1px&#8220; border_color_bottom=&#8220;gcid-e60e17e9-5b47-4d50-baca-461415208ae4&#8243; global_colors_info=&#8220;{%22gcid-e60e17e9-5b47-4d50-baca-461415208ae4%22:%91%22border_color_bottom%22%93}&#8220;][et_pb_row _builder_version=&#8220;4.24.2&#8243; _module_preset=&#8220;default&#8220; width=&#8220;700px&#8220; width_tablet=&#8220;700px&#8220; width_phone=&#8220;80%&#8220; width_last_edited=&#8220;on|phone&#8220; locked=&#8220;off&#8220; global_colors_info=&#8220;{}&#8220;][et_pb_column type=&#8220;4_4&#8243; _builder_version=&#8220;4.24.2&#8243; _module_preset=&#8220;default&#8220; global_colors_info=&#8220;{}&#8220;][et_pb_text _builder_version=&#8220;4.24.2&#8243; _module_preset=&#8220;default&#8220; header_6_font=&#8220;Roboto Flex|||on|||||&#8220; header_6_text_align=&#8220;center&#8220; header_6_text_color=&#8220;gcid-9daf4687-c80c-404a-9677-133f81bf81ca&#8220; header_6_letter_spacing=&#8220;1px&#8220; locked=&#8220;off&#8220; global_colors_info=&#8220;{%22gcid-9daf4687-c80c-404a-9677-133f81bf81ca%22:%91%22header_6_text_color%22%93}&#8220;]<\/p>\n<h6>einen Tag in der Natur verbringen<\/h6>\n<p>[\/et_pb_text][et_pb_text _builder_version=&#8220;4.24.2&#8243; _module_preset=&#8220;default&#8220; text_font=&#8220;Roboto Flex||||||||&#8220; text_letter_spacing=&#8220;0.5px&#8220; text_line_height=&#8220;2em&#8220; text_orientation=&#8220;center&#8220; global_colors_info=&#8220;{}&#8220;]<\/p>\n<p>Beginnen Sie Ihren Tag, indem Sie mit der Sonne aufstehen und die frische Luft einatmen, die die Grobnik-Landschaft erf\u00fcllt. Wenn Sie sich auf den Weg machen, k\u00f6nnen Sie eine gem\u00fctliche Wanderung auf einem der vielen malerischen Pfade unternehmen, die sich durch die Region schl\u00e4ngeln. Egal, ob Sie einen gem\u00fctlichen Spaziergang oder eine anspruchsvollere Wanderung bevorzugen, Grobnik bietet f\u00fcr jeden Outdoor-Enthusiasten das passende Angebot.<\/p>\n<p>[\/et_pb_text][\/et_pb_column][\/et_pb_row][et_pb_row column_structure=&#8220;1_3,1_3,1_3&#8243; _builder_version=&#8220;4.24.2&#8243; _module_preset=&#8220;default&#8220; width=&#8220;90%&#8220; max_width=&#8220;100%&#8220; global_colors_info=&#8220;{}&#8220;][et_pb_column type=&#8220;1_3&#8243; _builder_version=&#8220;4.24.2&#8243; _module_preset=&#8220;default&#8220; global_colors_info=&#8220;{}&#8220;][et_pb_blurb title=&#8220;Platak&#8220; alt=&#8220;Platak, Wohnungen Rena, Dra\u017eice, Kroatien&#8220; module_class=&#8220;ms_hlink_white&#8220; _builder_version=&#8220;4.25.0&#8243; _module_preset=&#8220;default&#8220; header_level=&#8220;h2&#8243; header_font=&#8220;Roboto Flex||||||||&#8220; header_text_align=&#8220;center&#8220; header_text_color=&#8220;#FFFFFF&#8220; body_text_align=&#8220;center&#8220; body_text_color=&#8220;#FFFFFF&#8220; body_link_text_align=&#8220;center&#8220; background_enable_color=&#8220;off&#8220; use_background_color_gradient=&#8220;on&#8220; background_color_gradient_stops=&#8220;rgba(68,8,6,0.33) 0%|gcid-568c4c98-d056-4e42-b09f-335c11814e69 100%&#8220; background_image=&#8220;https:\/\/apartments-rena.com\/wp-content\/uploads\/2024\/03\/platak-apartments-rena-drazice-croatia.webp&#8220; background_blend=&#8220;multiply&#8220; height=&#8220;800px&#8220; height_tablet=&#8220;800px&#8220; height_phone=&#8220;600px&#8220; height_last_edited=&#8220;on|phone&#8220; custom_padding=&#8220;50px|50px|50px|50px|true|true&#8220; scroll_vertical_motion=&#8220;0|50|50|100|0.5|0|-0.5&#8243; custom_css_free_form=&#8220;selector||a {||  left: 50%;||  right: 50%;||  transform: translate(-50%, -50%);||  margin-top:30px;||  margin-left: 0;||  padding-left: 0;||  }&#8220; global_colors_info=&#8220;{%22gcid-568c4c98-d056-4e42-b09f-335c11814e69%22:%91%22background_color_gradient_stops%22%93,%22gcid-b1eab1c6-51a0-4ce1-a210-1c90cc4419c7%22:%91%22background_color_gradient_stops%22%93}&#8220; background__hover_enabled=&#8220;on|hover&#8220; background_color_gradient_stops__hover=&#8220;rgba(255,255,255,0) 50%|rgba(0,0,0,0.5) 100%&#8220; use_background_color_gradient__hover=&#8220;on&#8220; background_color_gradient_direction__hover=&#8220;0deg&#8220;]<\/p>\n<p>Platak ist eine unersch\u00f6pfliche Quelle von Wanderwegen, Pfaden, Fahrradrouten und unerforschten Pfaden.<\/p>\n<p><a href=\"https:\/\/www.platak.hr\" target=\"_blank\" rel=\"noopener\">Besuchen Sie platak.hr<\/a><\/p>\n<p>[\/et_pb_blurb][\/et_pb_column][et_pb_column type=&#8220;1_3&#8243; _builder_version=&#8220;4.24.2&#8243; _module_preset=&#8220;default&#8220; global_colors_info=&#8220;{}&#8220;][et_pb_blurb title=&#8220;Pfade&#8220; alt=&#8220;Platak, Wohnungen Rena, Dra\u017eice, Kroatien&#8220; module_class=&#8220;ms_hlink_white&#8220; _builder_version=&#8220;4.25.0&#8243; _module_preset=&#8220;default&#8220; header_level=&#8220;h2&#8243; header_font=&#8220;Roboto Flex||||||||&#8220; header_text_align=&#8220;center&#8220; header_text_color=&#8220;#FFFFFF&#8220; body_text_align=&#8220;center&#8220; body_text_color=&#8220;#FFFFFF&#8220; background_enable_color=&#8220;off&#8220; use_background_color_gradient=&#8220;on&#8220; background_color_gradient_stops=&#8220;rgba(68,8,6,0.33) 0%|gcid-568c4c98-d056-4e42-b09f-335c11814e69 100%&#8220; background_image=&#8220;https:\/\/apartments-rena.com\/wp-content\/uploads\/2024\/03\/paths-apartments-rena-drazice-croatia.webp&#8220; background_blend=&#8220;multiply&#8220; height=&#8220;800px&#8220; height_tablet=&#8220;800px&#8220; height_phone=&#8220;600px&#8220; height_last_edited=&#8220;on|phone&#8220; custom_padding=&#8220;50px|50px|50px|50px|true|true&#8220; custom_css_free_form=&#8220;selector||a {||  left: 50%;||  transform: translate(-50%, -50%);||  margin-top:30px;||  }&#8220; global_colors_info=&#8220;{%22gcid-568c4c98-d056-4e42-b09f-335c11814e69%22:%91%22background_color_gradient_stops%22,%22background_color_gradient_stops%22%93,%22gcid-b1eab1c6-51a0-4ce1-a210-1c90cc4419c7%22:%91%22background_color_gradient_stops%22,%22background_color_gradient_stops%22%93}&#8220; background_color_gradient_stops__hover=&#8220;rgba(255,255,255,0) 50%|rgba(0,0,0,0.5) 100%&#8220; use_background_color_gradient__hover=&#8220;on&#8220; background__hover_enabled=&#8220;on|hover&#8220; background_color_gradient_direction__hover=&#8220;0deg&#8220;]<\/p>\n<p>Auf den Wegen der Grobnik-Region kann man in erster Linie die Natur genie\u00dfen, aber sie bieten auch eine historische Geschichte.<\/p>\n<p><a href=\"https:\/\/tz-cavle.hr\/en\/what-to-do\/staying-in-nature\/paths\/\" target=\"_blank\" rel=\"noopener\">Pfade besuchen<\/a><\/p>\n<p>[\/et_pb_blurb][\/et_pb_column][et_pb_column type=&#8220;1_3&#8243; _builder_version=&#8220;4.24.2&#8243; _module_preset=&#8220;default&#8220; global_colors_info=&#8220;{}&#8220;][et_pb_blurb title=&#8220;Geschichte &amp; Erbe&#8220; alt=&#8220;Platak, Wohnungen Rena, Dra\u017eice, Kroatien&#8220; module_class=&#8220;ms_hlink_white&#8220; _builder_version=&#8220;4.25.0&#8243; _module_preset=&#8220;default&#8220; header_level=&#8220;h2&#8243; header_font=&#8220;Roboto Flex||||||||&#8220; header_text_align=&#8220;center&#8220; header_text_color=&#8220;#FFFFFF&#8220; body_text_align=&#8220;center&#8220; body_text_color=&#8220;#FFFFFF&#8220; background_enable_color=&#8220;off&#8220; use_background_color_gradient=&#8220;on&#8220; background_color_gradient_direction=&#8220;1deg&#8220; background_color_gradient_stops=&#8220;gcid-150a8183-68b2-4c8b-a29d-861a65996498 0%|gcid-568c4c98-d056-4e42-b09f-335c11814e69 100%&#8220; background_image=&#8220;https:\/\/apartments-rena.com\/wp-content\/uploads\/2024\/03\/Grobnik-labyrinths-apartemnts-rena-drazice-croatia.webp&#8220; background_blend=&#8220;multiply&#8220; height=&#8220;800px&#8220; height_tablet=&#8220;800px&#8220; height_phone=&#8220;600px&#8220; height_last_edited=&#8220;on|phone&#8220; custom_padding=&#8220;50px|50px|50px|50px|true|true&#8220; background_last_edited=&#8220;on|phone&#8220; custom_css_free_form=&#8220;selector||a {||  left: 50%;||  transform: translate(-50%, -50%);||  margin-top:30px;||  }&#8220; global_colors_info=&#8220;{%22gcid-568c4c98-d056-4e42-b09f-335c11814e69%22:%91%22background_color_gradient_stops%22%93,%22gcid-b1eab1c6-51a0-4ce1-a210-1c90cc4419c7%22:%91%22background_color_gradient_stops%22%93,%22gcid-150a8183-68b2-4c8b-a29d-861a65996498%22:%91%22background_color_gradient_stops%22%93}&#8220; background__hover_enabled=&#8220;on|hover&#8220; background_color_gradient_stops__hover=&#8220;rgba(255,255,255,0) 50%|rgba(0,0,0,0.5) 100%&#8220; use_background_color_gradient__hover=&#8220;on&#8220;]<\/p>\n<p>Diese Energie- und Inspirationsquellen werden Sie auf eine spirituelle Reise f\u00fchren, ohne dass Sie in der Realit\u00e4t weite Strecken zur\u00fccklegen m\u00fcssen.<\/p>\n<p><a href=\"https:\/\/tz-cavle.hr\/en\/what-to-do\/history-and-heritage\/\" target=\"_blank\" rel=\"noopener\">Besuchen Sie Geschichte &amp; Kulturerbe<\/a><\/p>\n<p>[\/et_pb_blurb][\/et_pb_column][\/et_pb_row][\/et_pb_section][et_pb_section fb_built=&#8220;1&#8243; admin_label=&#8220;Section: Intro&#8220; module_id=&#8220;Sport&#8220; _builder_version=&#8220;4.24.3&#8243; _module_preset=&#8220;default&#8220; background_color=&#8220;#f0ebeb&#8220; border_width_bottom=&#8220;1px&#8220; border_color_bottom=&#8220;gcid-e60e17e9-5b47-4d50-baca-461415208ae4&#8243; global_colors_info=&#8220;{%22gcid-e60e17e9-5b47-4d50-baca-461415208ae4%22:%91%22border_color_bottom%22%93}&#8220;][et_pb_row _builder_version=&#8220;4.24.2&#8243; _module_preset=&#8220;default&#8220; width=&#8220;700px&#8220; width_tablet=&#8220;700px&#8220; width_phone=&#8220;80%&#8220; width_last_edited=&#8220;on|phone&#8220; locked=&#8220;off&#8220; global_colors_info=&#8220;{}&#8220;][et_pb_column type=&#8220;4_4&#8243; _builder_version=&#8220;4.24.2&#8243; _module_preset=&#8220;default&#8220; global_colors_info=&#8220;{}&#8220;][et_pb_text _builder_version=&#8220;4.24.2&#8243; _module_preset=&#8220;default&#8220; header_6_font=&#8220;Roboto Flex|||on|||||&#8220; header_6_text_align=&#8220;center&#8220; header_6_text_color=&#8220;gcid-9daf4687-c80c-404a-9677-133f81bf81ca&#8220; header_6_letter_spacing=&#8220;1px&#8220; header_6_line_height=&#8220;1.5em&#8220; locked=&#8220;off&#8220; global_colors_info=&#8220;{%22gcid-9daf4687-c80c-404a-9677-133f81bf81ca%22:%91%22header_6_text_color%22%93}&#8220;]<\/p>\n<h6>Sport- und Freizeitabenteuer in Grobnik<\/h6>\n<p>[\/et_pb_text][et_pb_text _builder_version=&#8220;4.24.2&#8243; _module_preset=&#8220;default&#8220; text_font=&#8220;Roboto Flex||||||||&#8220; text_letter_spacing=&#8220;0.5px&#8220; text_line_height=&#8220;2em&#8220; text_orientation=&#8220;center&#8220; global_colors_info=&#8220;{}&#8220;]<\/p>\n<p>Ob Sie durch die L\u00fcfte schweben, auf zwei R\u00e4dern \u00fcber die Pfade brettern oder hoch aufragende Klippen erklimmen &#8211; Grobnik bietet unz\u00e4hlige M\u00f6glichkeiten f\u00fcr Sport- und Freizeitabenteuer, die Sie beleben und von der nat\u00fcrlichen Sch\u00f6nheit dieser atemberaubenden Region inspirieren werden.<\/p>\n<p>[\/et_pb_text][\/et_pb_column][\/et_pb_row][et_pb_row column_structure=&#8220;1_3,1_3,1_3&#8243; _builder_version=&#8220;4.24.2&#8243; _module_preset=&#8220;default&#8220; width=&#8220;90%&#8220; max_width=&#8220;100%&#8220; global_colors_info=&#8220;{}&#8220;][et_pb_column type=&#8220;1_3&#8243; _builder_version=&#8220;4.24.2&#8243; _module_preset=&#8220;default&#8220; global_colors_info=&#8220;{}&#8220;][et_pb_blurb title=&#8220;Klettern&#8220; alt=&#8220;Platak, Wohnungen Rena, Dra\u017eice, Kroatien&#8220; module_class=&#8220;ms_hlink_white&#8220; _builder_version=&#8220;4.25.0&#8243; _module_preset=&#8220;default&#8220; header_level=&#8220;h2&#8243; header_font=&#8220;Roboto Flex|700|||||||&#8220; header_text_align=&#8220;center&#8220; header_text_color=&#8220;#FFFFFF&#8220; body_text_align=&#8220;center&#8220; body_text_color=&#8220;#FFFFFF&#8220; background_enable_color=&#8220;off&#8220; use_background_color_gradient=&#8220;on&#8220; background_color_gradient_direction=&#8220;0deg&#8220; background_color_gradient_stops=&#8220;gcid-150a8183-68b2-4c8b-a29d-861a65996498 0%|gcid-568c4c98-d056-4e42-b09f-335c11814e69 100%&#8220; background_image=&#8220;https:\/\/apartments-rena.com\/wp-content\/uploads\/2024\/03\/rock-climbing-apartments-rena.webp&#8220; background_blend=&#8220;multiply&#8220; min_height_tablet=&#8220;&#8220; min_height_phone=&#8220;&#8220; min_height_last_edited=&#8220;on|phone&#8220; height=&#8220;800px&#8220; height_tablet=&#8220;800px&#8220; height_phone=&#8220;600px&#8220; height_last_edited=&#8220;on|phone&#8220; custom_padding=&#8220;50px|50px|50px|50px|true|true&#8220; global_colors_info=&#8220;{%22gcid-568c4c98-d056-4e42-b09f-335c11814e69%22:%91%22background_color_gradient_stops%22%93,%22gcid-150a8183-68b2-4c8b-a29d-861a65996498%22:%91%22background_color_gradient_stops%22%93}&#8220; background__hover_enabled=&#8220;on|hover&#8220; background_color_gradient_stops__hover=&#8220;rgba(255,255,255,0) 50%|rgba(0,0,0,0.5) 100%&#8220; use_background_color_gradient__hover=&#8220;on&#8220;]<\/p>\n<p>Mit seinen zerkl\u00fcfteten Klippen, hoch aufragenden Felsformationen und atemberaubenden Aussichten ist Grobnik der perfekte Spielplatz f\u00fcr Kletterer jeden Niveaus, um ihre F\u00e4higkeiten zu testen.<\/p>\n<p><a href=\"https:\/\/tz-cavle.hr\/en\/what-to-do\/sports-and-recreation\/rock-climbing-kamenjak-vela-pesa\/\" target=\"_blank\" rel=\"noopener\">Besuchen Sie Felsklettern<\/a><\/p>\n<p>[\/et_pb_blurb][\/et_pb_column][et_pb_column type=&#8220;1_3&#8243; _builder_version=&#8220;4.24.2&#8243; _module_preset=&#8220;default&#8220; global_colors_info=&#8220;{}&#8220;][et_pb_blurb title=&#8220;Flugplatz Grobnik&#8220; alt=&#8220;Pfade, Wohnungen Rena, Dra\u017eice, Kroatien&#8220; module_class=&#8220;ms_hlink_white&#8220; _builder_version=&#8220;4.25.0&#8243; _module_preset=&#8220;default&#8220; header_level=&#8220;h2&#8243; header_font=&#8220;Roboto Flex||||||||&#8220; header_text_align=&#8220;center&#8220; header_text_color=&#8220;#FFFFFF&#8220; body_text_align=&#8220;center&#8220; body_text_color=&#8220;#FFFFFF&#8220; background_enable_color=&#8220;off&#8220; use_background_color_gradient=&#8220;on&#8220; background_color_gradient_stops=&#8220;gcid-150a8183-68b2-4c8b-a29d-861a65996498 0%|rgba(255,255,255,0) 100%&#8220; background_image=&#8220;https:\/\/apartments-rena.com\/wp-content\/uploads\/2024\/03\/parachuting-grobnik-apartments-rena.webp&#8220; background_blend=&#8220;multiply&#8220; height=&#8220;800px&#8220; height_tablet=&#8220;800px&#8220; height_phone=&#8220;600px&#8220; height_last_edited=&#8220;on|phone&#8220; custom_padding=&#8220;50px|50px|50px|50px|true|true&#8220; global_colors_info=&#8220;{%22gcid-150a8183-68b2-4c8b-a29d-861a65996498%22:%91%22background_color_gradient_stops%22%93}&#8220; background__hover_enabled=&#8220;on|hover&#8220; background_color_gradient_stops__hover=&#8220;rgba(255,255,255,0) 50%|rgba(0,0,0,0.5) 100%&#8220; use_background_color_gradient__hover=&#8220;on&#8220; background_blend__hover=&#8220;multiply&#8220; background_color_gradient_direction__hover=&#8220;0deg&#8220;]<\/p>\n<p>Ob mit dem H\u00e4ngegleiter, dem Fallschirm oder dem Flugzeug, das Erlebnis wird sicherlich unvergesslich und die Aussicht unbezahlbar sein.<\/p>\n<p><a href=\"https:\/\/tz-cavle.hr\/en\/what-to-do\/sports-and-recreation\/grobnik-airfield\/\" target=\"_blank\" rel=\"noopener\">Besuchen Sie den Flugplatz Grobnik<\/a><\/p>\n<p>[\/et_pb_blurb][\/et_pb_column][et_pb_column type=&#8220;1_3&#8243; _builder_version=&#8220;4.24.2&#8243; _module_preset=&#8220;default&#8220; global_colors_info=&#8220;{}&#8220;][et_pb_blurb title=&#8220;Grobnik Automotodrom&#8220; alt=&#8220;Pfade, Wohnungen Rena, Dra\u017eice, Kroatien&#8220; module_class=&#8220;ms_hlink_white&#8220; _builder_version=&#8220;4.25.0&#8243; _module_preset=&#8220;default&#8220; header_level=&#8220;h2&#8243; header_font=&#8220;Roboto Flex|700|||||||&#8220; header_text_align=&#8220;center&#8220; header_text_color=&#8220;#FFFFFF&#8220; header_letter_spacing=&#8220;1px&#8220; body_text_align=&#8220;center&#8220; body_text_color=&#8220;#FFFFFF&#8220; background_enable_color=&#8220;off&#8220; use_background_color_gradient=&#8220;on&#8220; background_color_gradient_stops=&#8220;gcid-150a8183-68b2-4c8b-a29d-861a65996498 0%|rgba(255,255,255,0) 100%&#8220; background_image=&#8220;https:\/\/apartments-rena.com\/wp-content\/uploads\/2024\/03\/grobnik-circut-apartments-rena.webp&#8220; background_blend=&#8220;multiply&#8220; min_height=&#8220;800px&#8220; min_height_tablet=&#8220;800px&#8220; min_height_phone=&#8220;800px&#8220; min_height_last_edited=&#8220;on|desktop&#8220; height_tablet=&#8220;&#8220; height_phone=&#8220;600px&#8220; height_last_edited=&#8220;on|phone&#8220; custom_padding=&#8220;50px|50px|50px|50px|true|true&#8220; global_colors_info=&#8220;{%22gcid-150a8183-68b2-4c8b-a29d-861a65996498%22:%91%22background_color_gradient_stops%22%93}&#8220; background__hover_enabled=&#8220;on|hover&#8220; background_color_gradient_stops__hover=&#8220;rgba(255,255,255,0) 50%|rgba(0,0,0,0.5) 100%&#8220; use_background_color_gradient__hover=&#8220;on&#8220;]<\/p>\n<p>Seit seiner Gr\u00fcndung im Jahr 1978 hat das Automotodrom j\u00e4hrlich 80.000 Besucher empfangen, darunter Fahrer, Teilnehmer und Zuschauer.<\/p>\n<p><a href=\"https:\/\/grobnik.hr\/\" target=\"_blank\" rel=\"noopener\">Besuchen Sie Grobnik Circut<\/a><\/p>\n<p>[\/et_pb_blurb][\/et_pb_column][\/et_pb_row][\/et_pb_section]<\/p>\n","protected":false},"excerpt":{"rendered":"<p>\u010cavle &#8211; Kroatieneinen Tag in der Natur verbringenBeginnen Sie Ihren Tag, indem Sie mit der Sonne aufstehen und die frische Luft einatmen, die die Grobnik-Landschaft erf\u00fcllt. Wenn Sie sich auf den Weg machen, k\u00f6nnen Sie eine gem\u00fctliche Wanderung auf einem der vielen malerischen Pfade unternehmen, die sich durch die Region schl\u00e4ngeln. Egal, ob Sie einen [&hellip;]<\/p>\n","protected":false},"author":1,"featured_media":0,"parent":0,"menu_order":0,"comment_status":"closed","ping_status":"closed","template":"","meta":{"_et_pb_use_builder":"on","_et_pb_old_content":"","_et_gb_content_width":"","footnotes":""},"class_list":["post-1047","page","type-page","status-publish","hentry"],"_links":{"self":[{"href":"https:\/\/apartments-rena.com\/de\/wp-json\/wp\/v2\/pages\/1047","targetHints":{"allow":["GET"]}}],"collection":[{"href":"https:\/\/apartments-rena.com\/de\/wp-json\/wp\/v2\/pages"}],"about":[{"href":"https:\/\/apartments-rena.com\/de\/wp-json\/wp\/v2\/types\/page"}],"author":[{"embeddable":true,"href":"https:\/\/apartments-rena.com\/de\/wp-json\/wp\/v2\/users\/1"}],"replies":[{"embeddable":true,"href":"https:\/\/apartments-rena.com\/de\/wp-json\/wp\/v2\/comments?post=1047"}],"version-history":[{"count":20,"href":"https:\/\/apartments-rena.com\/de\/wp-json\/wp\/v2\/pages\/1047\/revisions"}],"predecessor-version":[{"id":2226,"href":"https:\/\/apartments-rena.com\/de\/wp-json\/wp\/v2\/pages\/1047\/revisions\/2226"}],"wp:attachment":[{"href":"https:\/\/apartments-rena.com\/de\/wp-json\/wp\/v2\/media?parent=1047"}],"curies":[{"name":"wp","href":"https:\/\/api.w.org\/{rel}","templated":true}]}}