{"id":1053,"date":"2024-03-15T15:39:02","date_gmt":"2024-03-15T15:39:02","guid":{"rendered":"https:\/\/apartments-rena.com\/essen\/"},"modified":"2024-04-22T13:45:33","modified_gmt":"2024-04-22T13:45:33","slug":"essen","status":"publish","type":"page","link":"https:\/\/apartments-rena.com\/de\/essen\/","title":{"rendered":"Essen"},"content":{"rendered":"<p>[et_pb_section fb_built=&#8220;1&#8243; admin_label=&#8220;Section: Header&#8220; _builder_version=&#8220;4.24.3&#8243; _module_preset=&#8220;default&#8220; background_color=&#8220;rgba(0,0,0,0.3)&#8220; background_enable_image=&#8220;off&#8220; background_position=&#8220;top_center&#8220; background_blend=&#8220;multiply&#8220; background_video_mp4=&#8220;https:\/\/apartments-rena.com\/wp-content\/uploads\/2024\/03\/dining-video-apartments-rena.mp4&#8243; height=&#8220;100vh&#8220; height_tablet=&#8220;115vh&#8220; height_phone=&#8220;100vh&#8220; height_last_edited=&#8220;on|phone&#8220; background_last_edited=&#8220;on|desktop&#8220; custom_css_main_element=&#8220;display: flex;&#8220; global_colors_info=&#8220;{}&#8220;][et_pb_row _builder_version=&#8220;4.24.3&#8243; _module_preset=&#8220;default&#8220; min_height_tablet=&#8220;&#8220; min_height_phone=&#8220;&#8220; min_height_last_edited=&#8220;on|phone&#8220; custom_margin_tablet=&#8220;45vh||||false|false&#8220; custom_margin_phone=&#8220;15vh||||false|false&#8220; custom_margin_last_edited=&#8220;on|phone&#8220; global_colors_info=&#8220;{}&#8220;][et_pb_column type=&#8220;4_4&#8243; _builder_version=&#8220;4.24.2&#8243; _module_preset=&#8220;default&#8220; global_colors_info=&#8220;{}&#8220;][et_pb_text _builder_version=&#8220;4.24.2&#8243; _module_preset=&#8220;default&#8220; header_6_font=&#8220;Roboto Flex|||on|||||&#8220; header_6_text_align=&#8220;center&#8220; header_6_text_color=&#8220;#FFFFFF&#8220; header_6_letter_spacing=&#8220;1px&#8220; global_colors_info=&#8220;{}&#8220;]<\/p>\n<h6>\u010cavle &#8211; Kroatien<\/h6>\n<p>[\/et_pb_text][et_pb_heading title=&#8220;Entdecken Sie lokale Gerichte&#8220; _builder_version=&#8220;4.24.2&#8243; _module_preset=&#8220;default&#8220; title_font=&#8220;Kaftan||||||||&#8220; title_text_align=&#8220;center&#8220; title_text_color=&#8220;#FFFFFF&#8220; title_font_size=&#8220;6em&#8220; title_line_height=&#8220;1.2em&#8220; title_font_size_tablet=&#8220;6em&#8220; title_font_size_phone=&#8220;3rem&#8220; title_font_size_last_edited=&#8220;on|phone&#8220; global_colors_info=&#8220;{}&#8220;][\/et_pb_heading][et_pb_image src=&#8220;https:\/\/apartments-rena.com\/wp-content\/uploads\/2024\/03\/dot_2x2px.jpg&#8220; title_text=&#8220;punkt_2x2px&#8220; align=&#8220;center&#8220; _builder_version=&#8220;4.24.2&#8243; _module_preset=&#8220;default&#8220; width=&#8220;1px&#8220; width_tablet=&#8220;1px&#8220; width_phone=&#8220;1px&#8220; width_last_edited=&#8220;on|phone&#8220; height=&#8220;125px&#8220; height_tablet=&#8220;125px&#8220; height_phone=&#8220;75px&#8220; height_last_edited=&#8220;on|phone&#8220; global_colors_info=&#8220;{}&#8220;][\/et_pb_image][\/et_pb_column][\/et_pb_row][\/et_pb_section][et_pb_section fb_built=&#8220;1&#8243; admin_label=&#8220;Section: Dra\u017eice&#8220; _builder_version=&#8220;4.24.2&#8243; _module_preset=&#8220;default&#8220; background_color=&#8220;#f0ebeb&#8220; global_colors_info=&#8220;{}&#8220;][et_pb_row _builder_version=&#8220;4.24.2&#8243; _module_preset=&#8220;default&#8220; global_colors_info=&#8220;{}&#8220;][et_pb_column type=&#8220;4_4&#8243; _builder_version=&#8220;4.24.2&#8243; _module_preset=&#8220;default&#8220; global_colors_info=&#8220;{}&#8220;][et_pb_text _builder_version=&#8220;4.24.2&#8243; _module_preset=&#8220;default&#8220; header_6_font=&#8220;Roboto Flex|||on|||||&#8220; header_6_text_align=&#8220;center&#8220; header_6_text_color=&#8220;gcid-9daf4687-c80c-404a-9677-133f81bf81ca&#8220; header_6_letter_spacing=&#8220;1px&#8220; locked=&#8220;off&#8220; global_colors_info=&#8220;{%22gcid-9daf4687-c80c-404a-9677-133f81bf81ca%22:%91%22header_6_text_color%22%93}&#8220;]<\/p>\n<h6>Lokale Gerichte, inspiriert durch den Augenblick<\/h6>\n<p>[\/et_pb_text][et_pb_heading title=&#8220;Es ist einfach zu genie\u00dfen&#8220; _builder_version=&#8220;4.24.2&#8243; _module_preset=&#8220;default&#8220; title_level=&#8220;h2&#8243; title_font=&#8220;Kaftan||||||||&#8220; title_text_align=&#8220;center&#8220; title_text_color=&#8220;gcid-b1eab1c6-51a0-4ce1-a210-1c90cc4419c7&#8243; title_font_size=&#8220;4rem&#8220; title_line_height=&#8220;1.2em&#8220; title_font_size_tablet=&#8220;4rem&#8220; title_font_size_phone=&#8220;3rem&#8220; title_font_size_last_edited=&#8220;on|phone&#8220; locked=&#8220;off&#8220; global_colors_info=&#8220;{%22gcid-b1eab1c6-51a0-4ce1-a210-1c90cc4419c7%22:%91%22title_text_color%22%93}&#8220;][\/et_pb_heading][et_pb_text _builder_version=&#8220;4.24.2&#8243; _module_preset=&#8220;default&#8220; text_font=&#8220;Roboto Flex||||||||&#8220; text_letter_spacing=&#8220;0.5px&#8220; text_line_height=&#8220;2em&#8220; text_orientation=&#8220;center&#8220; global_colors_info=&#8220;{}&#8220;]<\/p>\n<p>In Grobnik, einem malerischen Ort in der N\u00e4he der Stadt Rijeka, ist die Gastronomie eines der wichtigsten Elemente der kulturellen Identit\u00e4t. Dieses Gebiet verf\u00fcgt \u00fcber ein reiches kulinarisches Erbe, das Jahrhunderte zur\u00fcckreicht. Aufgrund seiner geografischen Lage am Rande des Mittelmeers und in unmittelbarer N\u00e4he zu den kontinentalen Regionen verbindet das gastronomische Angebot von Grobnik Einfl\u00fcsse von K\u00fcstenspezialit\u00e4ten mit der traditionellen K\u00fcche des Landesinneren. Eine der bekanntesten gastronomischen Spezialit\u00e4ten dieser Gegend ist das ber\u00fchmte Lammfleisch am Spie\u00df, das auf traditionelle Weise mit Gew\u00fcrzen aus den \u00f6rtlichen G\u00e4rten zubereitet wird.<\/p>\n<p>[\/et_pb_text][\/et_pb_column][\/et_pb_row][\/et_pb_section][et_pb_section fb_built=&#8220;1&#8243; module_id=&#8220;aerostake&#8220; _builder_version=&#8220;4.24.3&#8243; _module_preset=&#8220;default&#8220; background_color=&#8220;#f0ebeb&#8220; global_colors_info=&#8220;{}&#8220;][et_pb_row column_structure=&#8220;1_2,1_2&#8243; make_equal=&#8220;on&#8220; _builder_version=&#8220;4.24.2&#8243; _module_preset=&#8220;default&#8220; global_colors_info=&#8220;{}&#8220;][et_pb_column type=&#8220;1_2&#8243; _builder_version=&#8220;4.24.2&#8243; _module_preset=&#8220;default&#8220; global_colors_info=&#8220;{}&#8220;][et_pb_image src=&#8220;https:\/\/apartments-rena.com\/wp-content\/uploads\/2024\/03\/Culinary-Magic-of-Our-Region-Apartments-Rena-Drazice-Croatia.webp&#8220; alt=&#8220;Kulinarischer Zauber unserer Region, Apartments Rena, Dra\u017eice, Kroatien&#8220; title_text=&#8220;Kulinarischer Zauber unserer Region, Apartments Rena, Dra\u017eice, Kroatien&#8220; _builder_version=&#8220;4.24.2&#8243; _module_preset=&#8220;default&#8220; global_colors_info=&#8220;{}&#8220;][\/et_pb_image][\/et_pb_column][et_pb_column type=&#8220;1_2&#8243; _builder_version=&#8220;4.24.2&#8243; _module_preset=&#8220;default&#8220; custom_css_main_element=&#8220;align-self: center;&#8220; global_colors_info=&#8220;{}&#8220;][et_pb_text _builder_version=&#8220;4.24.2&#8243; _module_preset=&#8220;default&#8220; header_6_font=&#8220;Roboto Flex|||on|||||&#8220; header_6_text_align=&#8220;left&#8220; header_6_text_color=&#8220;gcid-9daf4687-c80c-404a-9677-133f81bf81ca&#8220; header_6_letter_spacing=&#8220;1px&#8220; custom_margin=&#8220;||10px||false|false&#8220; locked=&#8220;off&#8220; global_colors_info=&#8220;{%22gcid-9daf4687-c80c-404a-9677-133f81bf81ca%22:%91%22header_6_text_color%22,%22header_6_text_color%22%93}&#8220;]<\/p>\n<h6>Restaurant AEROSTEAK<\/h6>\n<p>[\/et_pb_text][et_pb_heading title=&#8220;Ein Ort, an den dich deine Sinne f\u00fchren&#8220; _builder_version=&#8220;4.24.2&#8243; _module_preset=&#8220;default&#8220; title_level=&#8220;h2&#8243; title_font=&#8220;Kaftan||||||||&#8220; title_text_color=&#8220;gcid-b1eab1c6-51a0-4ce1-a210-1c90cc4419c7&#8243; title_font_size=&#8220;4rem&#8220; title_line_height=&#8220;1.4em&#8220; title_font_size_tablet=&#8220;4rem&#8220; title_font_size_phone=&#8220;3rem&#8220; title_font_size_last_edited=&#8220;on|phone&#8220; locked=&#8220;off&#8220; global_colors_info=&#8220;{%22gcid-b1eab1c6-51a0-4ce1-a210-1c90cc4419c7%22:%91%22title_text_color%22%93}&#8220;][\/et_pb_heading][et_pb_text _builder_version=&#8220;4.24.2&#8243; _module_preset=&#8220;default&#8220; global_colors_info=&#8220;{}&#8220;]<\/p>\n<p>Wenn die Gerichte, die wir verzehren, k\u00f6stlich sind, wenn das Fleisch zart ist und so zubereitet wird, wie es nach den Regeln des Berufs sein sollte, sagen wir, dass wir zufrieden sind. Wenn dann noch eine angenehme Atmosph\u00e4re, eine wirklich gute Bedienung und ein schneller Service hinzukommen, bekommt das Restaurant sicherlich eine Empfehlung. Wenn wir all dies auf ein h\u00f6heres Niveau heben, indem wir unsere einzigartige kulinarische Note mit exzellenten Zutaten verbinden, wenn das gastronomische Gesamterlebnis ein Niveau erreicht, gegen das ein Gast kaum noch etwas einzuwenden hat, dann sprechen wir von Aerosteak.<\/p>\n<p>[\/et_pb_text][et_pb_button button_url=&#8220;https:\/\/www.restaurant-aerosteak.com\/en\/&#8220; url_new_window=&#8220;on&#8220; button_text=&#8220;Aerosteak besuchen&#8220; _builder_version=&#8220;4.25.0&#8243; _module_preset=&#8220;f6195242-1260-4e5d-9ac2-d9cb01ffe9cb&#8220; locked=&#8220;off&#8220; global_colors_info=&#8220;{%22gcid-a790f9f4-8478-42ae-8b9e-7deab3fb5abe%22:%91%22button_bg_color__hover%22%93,%22gcid-0d6d3d55-5e19-4a00-97af-002f0e5c5fa2%22:%91%22button_bg_color%22%93}&#8220; button_bg_enable_color__hover=&#8220;on&#8220;][\/et_pb_button][\/et_pb_column][\/et_pb_row][\/et_pb_section][et_pb_section fb_built=&#8220;1&#8243; module_id=&#8220;putniku&#8220; _builder_version=&#8220;4.24.3&#8243; _module_preset=&#8220;default&#8220; background_color=&#8220;#f0ebeb&#8220; global_colors_info=&#8220;{%22gcid-9daf4687-c80c-404a-9677-133f81bf81ca%22:%91%22background_color%22%93}&#8220;][et_pb_row column_structure=&#8220;1_2,1_2&#8243; make_equal=&#8220;on&#8220; _builder_version=&#8220;4.24.2&#8243; _module_preset=&#8220;default&#8220; global_colors_info=&#8220;{}&#8220;][et_pb_column type=&#8220;1_2&#8243; _builder_version=&#8220;4.24.2&#8243; _module_preset=&#8220;default&#8220; custom_css_main_element=&#8220;align-self: center;&#8220; global_colors_info=&#8220;{}&#8220;][et_pb_text _builder_version=&#8220;4.24.2&#8243; _module_preset=&#8220;fd14671d-725d-424a-b615-985e5507c951&#8243; header_6_font=&#8220;Roboto Flex|||on|||||&#8220; locked=&#8220;off&#8220; global_colors_info=&#8220;{}&#8220;]<\/p>\n<h6>Restaurant Putniku<\/h6>\n<p>[\/et_pb_text][et_pb_heading title=&#8220;Brunch, Mittagessen oder Abendessen&#8230; Sie sind herzlich willkommen&#8220; _builder_version=&#8220;4.24.2&#8243; _module_preset=&#8220;default&#8220; title_level=&#8220;h2&#8243; title_font=&#8220;Kaftan||||||||&#8220; title_text_color=&#8220;gcid-b1eab1c6-51a0-4ce1-a210-1c90cc4419c7&#8243; title_font_size=&#8220;4rem&#8220; title_line_height=&#8220;1.2em&#8220; title_font_size_tablet=&#8220;4rem&#8220; title_font_size_phone=&#8220;3rem&#8220; title_font_size_last_edited=&#8220;on|phone&#8220; locked=&#8220;off&#8220; global_colors_info=&#8220;{%22gcid-b1eab1c6-51a0-4ce1-a210-1c90cc4419c7%22:%91%22title_text_color%22%93}&#8220;][\/et_pb_heading][et_pb_text _builder_version=&#8220;4.24.2&#8243; _module_preset=&#8220;default&#8220; global_colors_info=&#8220;{}&#8220;]<\/p>\n<p>Das Restaurant &#8222;Putniku&#8220; in Grobnik ist nicht nur ein Ort, an dem man essen kann, sondern auch ein Ziel, das eine unvergessliche gastronomische Reise durch die Geschm\u00e4cker und Aromen dieser sch\u00f6nen Region bietet. Die Besucher kehren immer wieder zur\u00fcck, um den Zauber von &#8222;Putnik&#8220; zu erleben und neue Erinnerungen zu schaffen, die sie f\u00fcr immer in Ehren halten werden.<\/p>\n<p>[\/et_pb_text][et_pb_button button_text=&#8220;Putniku besuchen&#8220; _builder_version=&#8220;4.25.0&#8243; _module_preset=&#8220;f6195242-1260-4e5d-9ac2-d9cb01ffe9cb&#8220; hover_enabled=&#8220;0&#8243; locked=&#8220;off&#8220; global_colors_info=&#8220;{%22gcid-0d6d3d55-5e19-4a00-97af-002f0e5c5fa2%22:%91%22button_bg_color%22%93}&#8220; button_url=&#8220;https:\/\/www.facebook.com\/gostiona.putniku\/?locale=hr_HR&#8220; url_new_window=&#8220;on&#8220; sticky_enabled=&#8220;0&#8243;][\/et_pb_button][\/et_pb_column][et_pb_column type=&#8220;1_2&#8243; _builder_version=&#8220;4.24.2&#8243; _module_preset=&#8220;default&#8220; global_colors_info=&#8220;{}&#8220;][et_pb_image src=&#8220;https:\/\/apartments-rena.com\/wp-content\/uploads\/2024\/03\/restaurant-putniku.webp&#8220; alt=&#8220;Sch\u00f6ne K\u00fcste Kroatiens, Appartements Rena&#8220; title_text=&#8220;restaurant-putniku&#8220; _builder_version=&#8220;4.24.2&#8243; _module_preset=&#8220;default&#8220; global_colors_info=&#8220;{}&#8220;][\/et_pb_image][\/et_pb_column][\/et_pb_row][\/et_pb_section]<\/p>\n","protected":false},"excerpt":{"rendered":"<p>\u010cavle &#8211; KroatienLokale Gerichte, inspiriert durch den AugenblickIn Grobnik, einem malerischen Ort in der N\u00e4he der Stadt Rijeka, ist die Gastronomie eines der wichtigsten Elemente der kulturellen Identit\u00e4t. Dieses Gebiet verf\u00fcgt \u00fcber ein reiches kulinarisches Erbe, das Jahrhunderte zur\u00fcckreicht. Aufgrund seiner geografischen Lage am Rande des Mittelmeers und in unmittelbarer N\u00e4he zu den kontinentalen Regionen [&hellip;]<\/p>\n","protected":false},"author":1,"featured_media":0,"parent":0,"menu_order":0,"comment_status":"closed","ping_status":"closed","template":"","meta":{"_et_pb_use_builder":"on","_et_pb_old_content":"","_et_gb_content_width":"","footnotes":""},"class_list":["post-1053","page","type-page","status-publish","hentry"],"_links":{"self":[{"href":"https:\/\/apartments-rena.com\/de\/wp-json\/wp\/v2\/pages\/1053","targetHints":{"allow":["GET"]}}],"collection":[{"href":"https:\/\/apartments-rena.com\/de\/wp-json\/wp\/v2\/pages"}],"about":[{"href":"https:\/\/apartments-rena.com\/de\/wp-json\/wp\/v2\/types\/page"}],"author":[{"embeddable":true,"href":"https:\/\/apartments-rena.com\/de\/wp-json\/wp\/v2\/users\/1"}],"replies":[{"embeddable":true,"href":"https:\/\/apartments-rena.com\/de\/wp-json\/wp\/v2\/comments?post=1053"}],"version-history":[{"count":23,"href":"https:\/\/apartments-rena.com\/de\/wp-json\/wp\/v2\/pages\/1053\/revisions"}],"predecessor-version":[{"id":1952,"href":"https:\/\/apartments-rena.com\/de\/wp-json\/wp\/v2\/pages\/1053\/revisions\/1952"}],"wp:attachment":[{"href":"https:\/\/apartments-rena.com\/de\/wp-json\/wp\/v2\/media?parent=1053"}],"curies":[{"name":"wp","href":"https:\/\/api.w.org\/{rel}","templated":true}]}}