{"id":1015,"date":"2024-03-15T15:39:02","date_gmt":"2024-03-15T15:39:02","guid":{"rendered":"https:\/\/apartments-rena.com\/pranzo\/"},"modified":"2024-04-22T13:45:25","modified_gmt":"2024-04-22T13:45:25","slug":"pranzo","status":"publish","type":"page","link":"https:\/\/apartments-rena.com\/it\/pranzo\/","title":{"rendered":"Pranzo"},"content":{"rendered":"<p>[et_pb_section fb_built=&#8221;1&#8243; admin_label=&#8221;Section: Header&#8221; _builder_version=&#8221;4.24.3&#8243; _module_preset=&#8221;default&#8221; background_color=&#8221;rgba(0,0,0,0.3)&#8221; background_enable_image=&#8221;off&#8221; background_position=&#8221;top_center&#8221; background_blend=&#8221;multiply&#8221; background_video_mp4=&#8221;https:\/\/apartments-rena.com\/wp-content\/uploads\/2024\/03\/dining-video-apartments-rena.mp4&#8243; height=&#8221;100vh&#8221; height_tablet=&#8221;115vh&#8221; height_phone=&#8221;100vh&#8221; height_last_edited=&#8221;on|phone&#8221; background_last_edited=&#8221;on|desktop&#8221; custom_css_main_element=&#8221;display: flex;&#8221; global_colors_info=&#8221;{}&#8221;][et_pb_row _builder_version=&#8221;4.24.3&#8243; _module_preset=&#8221;default&#8221; min_height_tablet=&#8221;&#8221; min_height_phone=&#8221;&#8221; min_height_last_edited=&#8221;on|phone&#8221; custom_margin_tablet=&#8221;45vh||||false|false&#8221; custom_margin_phone=&#8221;15vh||||false|false&#8221; custom_margin_last_edited=&#8221;on|phone&#8221; global_colors_info=&#8221;{}&#8221;][et_pb_column type=&#8221;4_4&#8243; _builder_version=&#8221;4.24.2&#8243; _module_preset=&#8221;default&#8221; global_colors_info=&#8221;{}&#8221;][et_pb_text _builder_version=&#8221;4.24.2&#8243; _module_preset=&#8221;default&#8221; header_6_font=&#8221;Roboto Flex|||on|||||&#8221; header_6_text_align=&#8221;center&#8221; header_6_text_color=&#8221;#FFFFFF&#8221; header_6_letter_spacing=&#8221;1px&#8221; global_colors_info=&#8221;{}&#8221;]<\/p>\n<h6>\u010cavle &#8211; Croazia<\/h6>\n<p>[\/et_pb_text][et_pb_heading title=&#8221;Esplorare i piatti locali&#8221; _builder_version=&#8221;4.24.2&#8243; _module_preset=&#8221;default&#8221; title_font=&#8221;Kaftan||||||||&#8221; title_text_align=&#8221;center&#8221; title_text_color=&#8221;#FFFFFF&#8221; title_font_size=&#8221;6em&#8221; title_line_height=&#8221;1.2em&#8221; title_font_size_tablet=&#8221;6em&#8221; title_font_size_phone=&#8221;3rem&#8221; title_font_size_last_edited=&#8221;on|phone&#8221; global_colors_info=&#8221;{}&#8221;][\/et_pb_heading][et_pb_image src=&#8221;https:\/\/apartments-rena.com\/wp-content\/uploads\/2024\/03\/dot_2x2px.jpg&#8221; title_text=&#8221;punto_2x2px&#8221; align=&#8221;center&#8221; _builder_version=&#8221;4.24.2&#8243; _module_preset=&#8221;default&#8221; width=&#8221;1px&#8221; width_tablet=&#8221;1px&#8221; width_phone=&#8221;1px&#8221; width_last_edited=&#8221;on|phone&#8221; height=&#8221;125px&#8221; height_tablet=&#8221;125px&#8221; height_phone=&#8221;75px&#8221; height_last_edited=&#8221;on|phone&#8221; global_colors_info=&#8221;{}&#8221;][\/et_pb_image][\/et_pb_column][\/et_pb_row][\/et_pb_section][et_pb_section fb_built=&#8221;1&#8243; admin_label=&#8221;Section: Dra\u017eice&#8221; _builder_version=&#8221;4.24.2&#8243; _module_preset=&#8221;default&#8221; background_color=&#8221;#f0ebeb&#8221; global_colors_info=&#8221;{}&#8221;][et_pb_row _builder_version=&#8221;4.24.2&#8243; _module_preset=&#8221;default&#8221; global_colors_info=&#8221;{}&#8221;][et_pb_column type=&#8221;4_4&#8243; _builder_version=&#8221;4.24.2&#8243; _module_preset=&#8221;default&#8221; global_colors_info=&#8221;{}&#8221;][et_pb_text _builder_version=&#8221;4.24.2&#8243; _module_preset=&#8221;default&#8221; header_6_font=&#8221;Roboto Flex|||on|||||&#8221; header_6_text_align=&#8221;center&#8221; header_6_text_color=&#8221;gcid-9daf4687-c80c-404a-9677-133f81bf81ca&#8221; header_6_letter_spacing=&#8221;1px&#8221; locked=&#8221;off&#8221; global_colors_info=&#8221;{%22gcid-9daf4687-c80c-404a-9677-133f81bf81ca%22:%91%22header_6_text_color%22%93}&#8221;]<\/p>\n<h6>Piatti locali, ispirati al momento<\/h6>\n<p>[\/et_pb_text][et_pb_heading title=&#8221;\u00c8 facile divertirsi&#8221; _builder_version=&#8221;4.24.2&#8243; _module_preset=&#8221;default&#8221; title_level=&#8221;h2&#8243; title_font=&#8221;Kaftan||||||||&#8221; title_text_align=&#8221;center&#8221; title_text_color=&#8221;gcid-b1eab1c6-51a0-4ce1-a210-1c90cc4419c7&#8243; title_font_size=&#8221;4rem&#8221; title_line_height=&#8221;1.2em&#8221; title_font_size_tablet=&#8221;4rem&#8221; title_font_size_phone=&#8221;3rem&#8221; title_font_size_last_edited=&#8221;on|phone&#8221; locked=&#8221;off&#8221; global_colors_info=&#8221;{%22gcid-b1eab1c6-51a0-4ce1-a210-1c90cc4419c7%22:%91%22title_text_color%22%93}&#8221;][\/et_pb_heading][et_pb_text _builder_version=&#8221;4.24.2&#8243; _module_preset=&#8221;default&#8221; text_font=&#8221;Roboto Flex||||||||&#8221; text_letter_spacing=&#8221;0.5px&#8221; text_line_height=&#8221;2em&#8221; text_orientation=&#8221;center&#8221; global_colors_info=&#8221;{}&#8221;]<\/p>\n<p>A Grobnik, una pittoresca localit\u00e0 vicino alla citt\u00e0 di Rijeka, la gastronomia rappresenta uno degli elementi chiave dell&#8217;identit\u00e0 culturale.<br \/>\nQuest&#8217;area vanta un ricco patrimonio culinario che risale a secoli fa.<br \/>\nData la sua posizione geografica ai margini del Mediterraneo e nelle immediate vicinanze delle regioni continentali, l&#8217;offerta gastronomica di Grobnik combina le influenze delle prelibatezze costiere con la cucina tradizionale dell&#8217;entroterra.<br \/>\nUna delle specialit\u00e0 gastronomiche pi\u00f9 riconoscibili di questa zona \u00e8 il famoso agnello allo spiedo, preparato in modo tradizionale con l&#8217;aggiunta di spezie provenienti dagli orti locali.   <\/p>\n<p>[\/et_pb_text][\/et_pb_column][\/et_pb_row][\/et_pb_section][et_pb_section fb_built=&#8221;1&#8243; module_id=&#8221;aerostake&#8221; _builder_version=&#8221;4.24.3&#8243; _module_preset=&#8221;default&#8221; background_color=&#8221;#f0ebeb&#8221; global_colors_info=&#8221;{}&#8221;][et_pb_row column_structure=&#8221;1_2,1_2&#8243; make_equal=&#8221;on&#8221; _builder_version=&#8221;4.24.2&#8243; _module_preset=&#8221;default&#8221; global_colors_info=&#8221;{}&#8221;][et_pb_column type=&#8221;1_2&#8243; _builder_version=&#8221;4.24.2&#8243; _module_preset=&#8221;default&#8221; global_colors_info=&#8221;{}&#8221;][et_pb_image src=&#8221;https:\/\/apartments-rena.com\/wp-content\/uploads\/2024\/03\/Culinary-Magic-of-Our-Region-Apartments-Rena-Drazice-Croatia.webp&#8221; alt=&#8221;Magia culinaria della nostra regione, Appartamenti Rena, Dra\u017eice, Croazia&#8221; title_text=&#8221;Magia culinaria della nostra regione, Appartamenti Rena, Dra\u017eice, Croazia&#8221; _builder_version=&#8221;4.24.2&#8243; _module_preset=&#8221;default&#8221; global_colors_info=&#8221;{}&#8221;][\/et_pb_image][\/et_pb_column][et_pb_column type=&#8221;1_2&#8243; _builder_version=&#8221;4.24.2&#8243; _module_preset=&#8221;default&#8221; custom_css_main_element=&#8221;align-self: center;&#8221; global_colors_info=&#8221;{}&#8221;][et_pb_text _builder_version=&#8221;4.24.2&#8243; _module_preset=&#8221;default&#8221; header_6_font=&#8221;Roboto Flex|||on|||||&#8221; header_6_text_align=&#8221;left&#8221; header_6_text_color=&#8221;gcid-9daf4687-c80c-404a-9677-133f81bf81ca&#8221; header_6_letter_spacing=&#8221;1px&#8221; custom_margin=&#8221;||10px||false|false&#8221; locked=&#8221;off&#8221; global_colors_info=&#8221;{%22gcid-9daf4687-c80c-404a-9677-133f81bf81ca%22:%91%22header_6_text_color%22,%22header_6_text_color%22%93}&#8221;]<\/p>\n<h6>Ristorante AEROSTEAK<\/h6>\n<p>[\/et_pb_text][et_pb_heading title=&#8221;Un luogo dove i vostri sensi vi portano&#8221; _builder_version=&#8221;4.24.2&#8243; _module_preset=&#8221;default&#8221; title_level=&#8221;h2&#8243; title_font=&#8221;Kaftan||||||||&#8221; title_text_color=&#8221;gcid-b1eab1c6-51a0-4ce1-a210-1c90cc4419c7&#8243; title_font_size=&#8221;4rem&#8221; title_line_height=&#8221;1.4em&#8221; title_font_size_tablet=&#8221;4rem&#8221; title_font_size_phone=&#8221;3rem&#8221; title_font_size_last_edited=&#8221;on|phone&#8221; locked=&#8221;off&#8221; global_colors_info=&#8221;{%22gcid-b1eab1c6-51a0-4ce1-a210-1c90cc4419c7%22:%91%22title_text_color%22%93}&#8221;][\/et_pb_heading][et_pb_text _builder_version=&#8221;4.24.2&#8243; _module_preset=&#8221;default&#8221; global_colors_info=&#8221;{}&#8221;]<\/p>\n<p>Quando i piatti che consumiamo sono deliziosi, la carne \u00e8 morbida e preparata come si deve secondo le regole della professione, ci diciamo soddisfatti.<br \/>\nSe a questo si aggiungono un&#8217;atmosfera piacevole, camerieri davvero bravi e un servizio veloce, il ristorante viene sicuramente raccomandato.<br \/>\nQuando eleviamo tutto questo a un livello superiore, aggiungendo il nostro tocco culinario unico a ingredienti eccellenti, quando l&#8217;esperienza gastronomica complessiva raggiunge un livello tale per cui un ospite difficilmente avr\u00e0 da ridire: in questo caso stiamo parlando di Aerosteak.  <\/p>\n<p>[\/et_pb_text][et_pb_button button_url=&#8221;https:\/\/www.restaurant-aerosteak.com\/en\/&#8221; url_new_window=&#8221;on&#8221; button_text=&#8221;Visita Aerosteak&#8221; _builder_version=&#8221;4.25.0&#8243; _module_preset=&#8221;f6195242-1260-4e5d-9ac2-d9cb01ffe9cb&#8221; locked=&#8221;off&#8221; global_colors_info=&#8221;{%22gcid-a790f9f4-8478-42ae-8b9e-7deab3fb5abe%22:%91%22button_bg_color__hover%22%93,%22gcid-0d6d3d55-5e19-4a00-97af-002f0e5c5fa2%22:%91%22button_bg_color%22%93}&#8221; button_bg_enable_color__hover=&#8221;on&#8221;][\/et_pb_button][\/et_pb_column][\/et_pb_row][\/et_pb_section][et_pb_section fb_built=&#8221;1&#8243; module_id=&#8221;putniku&#8221; _builder_version=&#8221;4.24.3&#8243; _module_preset=&#8221;default&#8221; background_color=&#8221;#f0ebeb&#8221; global_colors_info=&#8221;{%22gcid-9daf4687-c80c-404a-9677-133f81bf81ca%22:%91%22background_color%22%93}&#8221;][et_pb_row column_structure=&#8221;1_2,1_2&#8243; make_equal=&#8221;on&#8221; _builder_version=&#8221;4.24.2&#8243; _module_preset=&#8221;default&#8221; global_colors_info=&#8221;{}&#8221;][et_pb_column type=&#8221;1_2&#8243; _builder_version=&#8221;4.24.2&#8243; _module_preset=&#8221;default&#8221; custom_css_main_element=&#8221;align-self: center;&#8221; global_colors_info=&#8221;{}&#8221;][et_pb_text _builder_version=&#8221;4.24.2&#8243; _module_preset=&#8221;fd14671d-725d-424a-b615-985e5507c951&#8243; header_6_font=&#8221;Roboto Flex|||on|||||&#8221; locked=&#8221;off&#8221; global_colors_info=&#8221;{}&#8221;]<\/p>\n<h6>Ristorante Putniku<\/h6>\n<p>[\/et_pb_text][et_pb_heading title=&#8221;Brunch, pranzo o cena&#8230;<br \/>\nSei il benvenuto &#8221; _builder_version=&#8221;4.24.2&#8243; _module_preset=&#8221;default&#8221; title_level=&#8221;h2&#8243; title_font=&#8221;Kaftan||||||||&#8221; title_text_color=&#8221;gcid-b1eab1c6-51a0-4ce1-a210-1c90cc4419c7&#8243; title_font_size=&#8221;4rem&#8221; title_line_height=&#8221;1.2em&#8221; title_font_size_tablet=&#8221;4rem&#8221; title_font_size_phone=&#8221;3rem&#8221; title_font_size_last_edited=&#8221;on|phone&#8221; locked=&#8221;off&#8221; global_colors_info=&#8221;{%22gcid-b1eab1c6-51a0-4ce1-a210-1c90cc4419c7%22:%91%22title_text_color%22%93}&#8221;][\/et_pb_heading][et_pb_text _builder_version=&#8221;4.24.2&#8243; _module_preset=&#8221;default&#8221; global_colors_info=&#8221;{}&#8221;]<\/p>\n<p>Il ristorante &#8220;Putniku&#8221; di Grobnik non \u00e8 solo un luogo dove mangiare, ma anche una destinazione che offre un viaggio gastronomico indimenticabile attraverso i sapori e i profumi di questa splendida regione.<br \/>\nI visitatori tornano pi\u00f9 volte per sperimentare la magia del &#8220;Putnik&#8221; e creare nuovi ricordi che conserveranno per sempre. <\/p>\n<p>[\/et_pb_text][et_pb_button button_text=&#8221;Visitare Putniku&#8221; _builder_version=&#8221;4.25.0&#8243; _module_preset=&#8221;f6195242-1260-4e5d-9ac2-d9cb01ffe9cb&#8221; hover_enabled=&#8221;0&#8243; locked=&#8221;off&#8221; global_colors_info=&#8221;{%22gcid-0d6d3d55-5e19-4a00-97af-002f0e5c5fa2%22:%91%22button_bg_color%22%93}&#8221; button_url=&#8221;https:\/\/www.facebook.com\/gostiona.putniku\/?locale=hr_HR&#8221; url_new_window=&#8221;on&#8221; sticky_enabled=&#8221;0&#8243;][\/et_pb_button][\/et_pb_column][et_pb_column type=&#8221;1_2&#8243; _builder_version=&#8221;4.24.2&#8243; _module_preset=&#8221;default&#8221; global_colors_info=&#8221;{}&#8221;][et_pb_image src=&#8221;https:\/\/apartments-rena.com\/wp-content\/uploads\/2024\/03\/restaurant-putniku.webp&#8221; alt=&#8221;Bellissima costa della Croazia, Appartamenti Rena&#8221; title_text=&#8221;ristorante-putniku&#8221; _builder_version=&#8221;4.24.2&#8243; _module_preset=&#8221;default&#8221; global_colors_info=&#8221;{}&#8221;][\/et_pb_image][\/et_pb_column][\/et_pb_row][\/et_pb_section]<\/p>\n","protected":false},"excerpt":{"rendered":"<p>\u010cavle &#8211; CroaziaPiatti locali, ispirati al momentoA Grobnik, una pittoresca localit\u00e0 vicino alla citt\u00e0 di Rijeka, la gastronomia rappresenta uno degli elementi chiave dell&#8217;identit\u00e0 culturale. Quest&#8217;area vanta un ricco patrimonio culinario che risale a secoli fa. Data la sua posizione geografica ai margini del Mediterraneo e nelle immediate vicinanze delle regioni continentali, l&#8217;offerta gastronomica di [&hellip;]<\/p>\n","protected":false},"author":1,"featured_media":0,"parent":0,"menu_order":0,"comment_status":"closed","ping_status":"closed","template":"","meta":{"_et_pb_use_builder":"on","_et_pb_old_content":"","_et_gb_content_width":"","footnotes":""},"class_list":["post-1015","page","type-page","status-publish","hentry"],"_links":{"self":[{"href":"https:\/\/apartments-rena.com\/it\/wp-json\/wp\/v2\/pages\/1015","targetHints":{"allow":["GET"]}}],"collection":[{"href":"https:\/\/apartments-rena.com\/it\/wp-json\/wp\/v2\/pages"}],"about":[{"href":"https:\/\/apartments-rena.com\/it\/wp-json\/wp\/v2\/types\/page"}],"author":[{"embeddable":true,"href":"https:\/\/apartments-rena.com\/it\/wp-json\/wp\/v2\/users\/1"}],"replies":[{"embeddable":true,"href":"https:\/\/apartments-rena.com\/it\/wp-json\/wp\/v2\/comments?post=1015"}],"version-history":[{"count":29,"href":"https:\/\/apartments-rena.com\/it\/wp-json\/wp\/v2\/pages\/1015\/revisions"}],"predecessor-version":[{"id":1947,"href":"https:\/\/apartments-rena.com\/it\/wp-json\/wp\/v2\/pages\/1015\/revisions\/1947"}],"wp:attachment":[{"href":"https:\/\/apartments-rena.com\/it\/wp-json\/wp\/v2\/media?parent=1015"}],"curies":[{"name":"wp","href":"https:\/\/api.w.org\/{rel}","templated":true}]}}